{"id":31,"date":"2019-01-22T15:04:48","date_gmt":"2019-01-22T15:04:48","guid":{"rendered":"http:\/\/wp.kost-ferienwohnung.de\/?page_id=31"},"modified":"2025-02-04T16:15:27","modified_gmt":"2025-02-04T16:15:27","slug":"impressum","status":"publish","type":"page","link":"https:\/\/kost-ferienwohnung.de\/?page_id=31","title":{"rendered":"Impressum"},"content":{"rendered":"\n<h2 class=\"wp-block-heading\">Herausgeber und verantwortlich f\u00fcr den Inhalt<\/h2>\n\n\n\n<p>Familie Kost<br>Rittershausstr. 50<br>58708 Menden-Halingen<br>Tel: +49 (0) 2378 &#8211; 3441<\/p>\n\n\n\n<p>Email: <a href=\"mailto:webmaster@kost-ferienwohnung.de?subject=kost-ferienwohnung.de%20|%20Impressum\">webmaster@kost-ferienwohnung.de<\/a><\/p>\n\n\n\n<h2 class=\"wp-block-heading\">Haftungsausschlu\u00df:<\/h2>\n\n\n\n<p>Mit Urteil vom 12. Mai 1998 hat das LG Hamburg entschieden, dass man durch die Ausbringung eines Links die Inhalte der gelinkten Seite ggf. mit zu verantworten hat. Dies kann, so das LG, nur dadurch verhindert werden, dass man sich ausdr\u00fccklich von diesen Inhalten distanziert.<br>\nWir haben auf unseren Seiten Links zu anderen Seiten im Internet gelegt. F\u00fcr alle diese Links gilt: Wir erkl\u00e4ren ausdr\u00fccklich, dass wir keinerlei Einfluss auf die Gestaltung und die Inhalte der gelinkten Seiten haben. Deshalb distanzieren wir uns hiermit ausdr\u00fccklich von allen Inhalten aller gelinkten Seiten auf unserer Homepage und machen uns diese Inhalte nicht zu Eigen. Diese Erkl\u00e4rung gilt f\u00fcr alle auf unserer Homepage angezeigten Links.<\/p>\n","protected":false},"excerpt":{"rendered":"<p>Herausgeber und verantwortlich f\u00fcr den Inhalt Familie KostRittershausstr. 5058708 Menden-HalingenTel: +49 (0) 2378 &#8211; 3441 Email: webmaster@kost-ferienwohnung.de Haftungsausschlu\u00df: Mit Urteil vom 12. Mai 1998 hat das LG Hamburg entschieden, dass man durch die Ausbringung eines Links die Inhalte der gelinkten Seite ggf. mit zu verantworten hat. Dies kann, so das LG, nur dadurch verhindert werden, &hellip; <\/p>\n<p class=\"link-more\"><a href=\"https:\/\/kost-ferienwohnung.de\/?page_id=31\" class=\"more-link\"><span class=\"screen-reader-text\">\u201eImpressum\u201c<\/span> weiterlesen<\/a><\/p>\n","protected":false},"author":2,"featured_media":0,"parent":0,"menu_order":0,"comment_status":"closed","ping_status":"closed","template":"","meta":{"footnotes":""},"class_list":["post-31","page","type-page","status-publish","hentry"],"_links":{"self":[{"href":"https:\/\/kost-ferienwohnung.de\/index.php?rest_route=\/wp\/v2\/pages\/31","targetHints":{"allow":["GET"]}}],"collection":[{"href":"https:\/\/kost-ferienwohnung.de\/index.php?rest_route=\/wp\/v2\/pages"}],"about":[{"href":"https:\/\/kost-ferienwohnung.de\/index.php?rest_route=\/wp\/v2\/types\/page"}],"author":[{"embeddable":true,"href":"https:\/\/kost-ferienwohnung.de\/index.php?rest_route=\/wp\/v2\/users\/2"}],"replies":[{"embeddable":true,"href":"https:\/\/kost-ferienwohnung.de\/index.php?rest_route=%2Fwp%2Fv2%2Fcomments&post=31"}],"version-history":[{"count":5,"href":"https:\/\/kost-ferienwohnung.de\/index.php?rest_route=\/wp\/v2\/pages\/31\/revisions"}],"predecessor-version":[{"id":184,"href":"https:\/\/kost-ferienwohnung.de\/index.php?rest_route=\/wp\/v2\/pages\/31\/revisions\/184"}],"wp:attachment":[{"href":"https:\/\/kost-ferienwohnung.de\/index.php?rest_route=%2Fwp%2Fv2%2Fmedia&parent=31"}],"curies":[{"name":"wp","href":"https:\/\/api.w.org\/{rel}","templated":true}]}}